{"id":120,"date":"2017-02-04T13:37:45","date_gmt":"2017-02-04T13:37:45","guid":{"rendered":"http:\/\/physiotherapie-hangelsberg.de\/?page_id=120"},"modified":"2025-08-25T08:02:02","modified_gmt":"2025-08-25T08:02:02","slug":"alternative-leistungen","status":"publish","type":"page","link":"https:\/\/physiotherapie-hangelsberg.de\/?page_id=120","title":{"rendered":"Alternative Leistungen"},"content":{"rendered":"\n<div class=\"wp-block-group is-nowrap is-layout-flex wp-container-core-group-is-layout-ad2f72ca wp-block-group-is-layout-flex\">\n<p>Diese alternative Leistungen k\u00f6nnen Sie zus\u00e4tzlich erhalten:<\/p>\n<\/div>\n\n\n\n<div class=\"wp-block-media-text is-stacked-on-mobile is-vertically-aligned-center\" style=\"grid-template-columns:41% auto\"><figure class=\"wp-block-media-text__media\"><img loading=\"lazy\" decoding=\"async\" width=\"1920\" height=\"2560\" src=\"https:\/\/physiotherapie-hangelsberg.de\/wp-content\/uploads\/2025\/08\/1-20230328_073625-xxxx-scaled.jpg\" alt=\"\" class=\"wp-image-322 size-full\" srcset=\"https:\/\/physiotherapie-hangelsberg.de\/wp-content\/uploads\/2025\/08\/1-20230328_073625-xxxx-scaled.jpg 1920w, https:\/\/physiotherapie-hangelsberg.de\/wp-content\/uploads\/2025\/08\/1-20230328_073625-xxxx-225x300.jpg 225w, https:\/\/physiotherapie-hangelsberg.de\/wp-content\/uploads\/2025\/08\/1-20230328_073625-xxxx-768x1024.jpg 768w, https:\/\/physiotherapie-hangelsberg.de\/wp-content\/uploads\/2025\/08\/1-20230328_073625-xxxx-1152x1536.jpg 1152w, https:\/\/physiotherapie-hangelsberg.de\/wp-content\/uploads\/2025\/08\/1-20230328_073625-xxxx-1536x2048.jpg 1536w\" sizes=\"auto, (max-width: 767px) 89vw, (max-width: 1000px) 54vw, (max-width: 1071px) 543px, 580px\" \/><\/figure><div class=\"wp-block-media-text__content\">\n<p><span style=\"color: #ffcc00;\">Klangschalentherapie<\/span><\/p>\n\n\n\n<p class=\"has-text-align-center\">\u201eDer Ton der Klangschale ber\u00fchrt unser Innerstes, er bringt die Seele zum Schwingen. Der Klang l\u00f6st Spannungen, mobilisiert die Selbstheilungskr\u00e4fte und &nbsp;setzt sch\u00f6pferische Energie frei.\u201c (Peter Hess) <\/p>\n\n\n\n<p class=\"has-text-align-center\"><span style=\"color: #000000;\">Die Klangschalenmassage ist eine ganzheitliche Methode die K\u00f6rper, Seele<\/span> und Geist anspricht. Die Klangschalen werden dabei, ihrer Funktion entsprechend, auf die Energiezentren des K\u00f6rpers aufgesetzt. Die harmonischen Kl\u00e4nge der verwendeten Schalen bewirken durch ihre feinen Vibrationen eine tiefe Entspannung und tragen durch Harmonisierung und Vitalisierung zur Gesundheitsf\u00f6rderung bei.<\/p>\n\n\n\n<p>&#8222;Lausche den Kl\u00e4ngen und lass dich von ihnen ber\u00fchren&#8220;<\/p>\n<\/div><\/div>\n\n\n\n<hr class=\"wp-block-separator has-alpha-channel-opacity\"\/>\n\n\n\n<p><span style=\"color: #ffcc00;\">Fu\u00dfreflexzonentherapie <\/span>&#8211; Die Fu\u00dfreflexzonenmassage basiert auf der Annahme, dass jedes Organ, jeder Muskel und Knochen \u00fcber Reflexbahnen mit unseren F\u00fc\u00dfen in Wechselbeziehung steht. Demnach sind die einzelnen Reflexzonen auf den Fu\u00dfsohlen, bestimmten Organen und bestimmtem Gewebe zugeordnet. Die Therapeutin setzt mit den Fingern an diesen Reflexzonen an, massiert und dr\u00fcckt sie &#8211; und \u00fcbt auf diese Weise Reize aus. Diese sollen auf das jeweils zugeh\u00f6rige Organ positiv einwirken, dessen Durchblutung steigern, die Selbstheilungskr\u00e4fte anregen und so die Erkrankung lindern. Schmerzt eine Zone am Fu\u00df, l\u00e4sst das gewisse R\u00fcckschl\u00fcsse auf das Befinden des zugeh\u00f6rigen Organs zu.<\/p>\n\n\n\n<hr class=\"wp-block-separator has-alpha-channel-opacity\"\/>\n\n\n\n<p><span style=\"color: #ffcc00;\">Magnetfeldtherapie<\/span><\/p>\n\n\n\n<div class=\"wp-block-media-text is-stacked-on-mobile\"><figure class=\"wp-block-media-text__media\"><img loading=\"lazy\" decoding=\"async\" width=\"768\" height=\"1024\" src=\"https:\/\/physiotherapie-hangelsberg.de\/wp-content\/uploads\/2025\/08\/20230328_115537-768x1024.jpg\" alt=\"\" class=\"wp-image-323 size-full\" srcset=\"https:\/\/physiotherapie-hangelsberg.de\/wp-content\/uploads\/2025\/08\/20230328_115537-768x1024.jpg 768w, https:\/\/physiotherapie-hangelsberg.de\/wp-content\/uploads\/2025\/08\/20230328_115537-225x300.jpg 225w, https:\/\/physiotherapie-hangelsberg.de\/wp-content\/uploads\/2025\/08\/20230328_115537-1152x1536.jpg 1152w, https:\/\/physiotherapie-hangelsberg.de\/wp-content\/uploads\/2025\/08\/20230328_115537-1536x2048.jpg 1536w, https:\/\/physiotherapie-hangelsberg.de\/wp-content\/uploads\/2025\/08\/20230328_115537-scaled.jpg 1920w\" sizes=\"auto, (max-width: 767px) 89vw, (max-width: 1000px) 54vw, (max-width: 1071px) 543px, 580px\" \/><\/figure><div class=\"wp-block-media-text__content\">\n<p>Die Magnetfeldtherapie soll die Durchblutung f\u00f6rdern, Stoffwechselprozesse anregen und&nbsp;<a href=\"https:\/\/www.google.de\/search?safe=active&amp;sca_esv=c8be1566c129d7a0&amp;cs=0&amp;q=Schmerzen+lindern&amp;sa=X&amp;ved=2ahUKEwjap5T86J2PAxUqh_0HHQTnCT8QxccNegQIAhAB&amp;mstk=AUtExfDq74qxaOcYQeQ-DOMGl1-ElTNHiwyGut8DnMCSUsdesWedviTs3cxjfosAvkf1LH0EvH1hAM-UEsP5AiNGLMHTylPr3_b9JaX02WPqM7Yng_6x7cYeLd6g0IJvCUjGL7Kdm3bnbcPQ4qJ8BqdGDjsTCTxuSHLPl0bfGdnWjO9rteULaHM-d3nCW96_DeUpAyoi0iOEBwYopskKxPNi4CpazA&amp;csui=3\" target=\"_blank\" rel=\"noreferrer noopener\">Schmerzen lindern<\/a>,&nbsp;indem sie die Sauerstoffs\u00e4ttigung verbessert und die Zellerneuerung unterst\u00fctzt.<\/p>\n\n\n\n<p>Sie wird oft zur Unterst\u00fctzung bei orthop\u00e4dischen Erkrankungen angewendet.<\/p>\n<\/div><\/div>\n\n\n\n<hr class=\"wp-block-separator has-alpha-channel-opacity\"\/>\n\n\n\n<div class=\"wp-block-media-text has-media-on-the-right is-stacked-on-mobile\" style=\"grid-template-columns:auto 45%\"><div class=\"wp-block-media-text__content\">\n<p><span style=\"color: #ffcc00;\">Aromamassage<\/span><\/p>\n\n\n\n<p>Eine ausgiebige Massage wirkt wohltuend auf den ganzen K\u00f6rper und schlie\u00dft auch Geist und Seele mit ein. Sie steigert das Wohlbefinden und f\u00fchrt zu einer harmonischen Entspannung. Bei dem jeweils verwendeten Massage\u00f6l hat jedes seine eigene Wirkung. Die \u00e4therischen \u00d6le, im individuell angefertigten \u00d6l, k\u00f6nnen ausgleichend oder aktivierend auf den K\u00f6rper wirken, einige schmerz- und entz\u00fcndungslindernd.<\/p>\n<\/div><figure class=\"wp-block-media-text__media\"><img loading=\"lazy\" decoding=\"async\" width=\"768\" height=\"1024\" src=\"https:\/\/physiotherapie-hangelsberg.de\/wp-content\/uploads\/2025\/08\/20230328_115311-xxx-768x1024.jpg\" alt=\"\" class=\"wp-image-324 size-full\" srcset=\"https:\/\/physiotherapie-hangelsberg.de\/wp-content\/uploads\/2025\/08\/20230328_115311-xxx-768x1024.jpg 768w, https:\/\/physiotherapie-hangelsberg.de\/wp-content\/uploads\/2025\/08\/20230328_115311-xxx-225x300.jpg 225w, https:\/\/physiotherapie-hangelsberg.de\/wp-content\/uploads\/2025\/08\/20230328_115311-xxx-1152x1536.jpg 1152w, https:\/\/physiotherapie-hangelsberg.de\/wp-content\/uploads\/2025\/08\/20230328_115311-xxx-1536x2048.jpg 1536w, https:\/\/physiotherapie-hangelsberg.de\/wp-content\/uploads\/2025\/08\/20230328_115311-xxx-scaled.jpg 1920w\" sizes=\"auto, (max-width: 767px) 89vw, (max-width: 1000px) 54vw, (max-width: 1071px) 543px, 580px\" \/><\/figure><\/div>\n\n\n\n<p><span style=\"color: #ffcc00;\">Hei\u00dfe Rolle&nbsp;<\/span>(nach Kneipp)<\/p>\n\n\n\n<hr class=\"wp-block-separator has-alpha-channel-opacity\"\/>\n\n\n\n<p><span style=\"color: #ffcc00;\">Schr\u00f6pfen<\/span><\/p>\n\n\n\n<hr class=\"wp-block-separator has-alpha-channel-opacity\"\/>\n\n\n\n<p><span style=\"color: #ffcc00;\">Kr\u00e4uterstempelmassagen und Heupackungen <\/span><\/p>\n\n\n\n<p><span style=\"color: #ffcc00;\"><span style=\"color: #000000;\">begleitend oder als Einzeltherapie, schmerzlindernd, anregend oder beruhigend wirkend<\/span><\/span><\/p>\n\n\n\n<hr class=\"wp-block-separator has-alpha-channel-opacity\"\/>\n\n\n\n<p><span style=\"color: #ffcc00;\">Tapen<\/span> <\/p>\n\n\n\n<div class=\"wp-block-media-text is-stacked-on-mobile\" style=\"grid-template-columns:49% auto\"><figure class=\"wp-block-media-text__media\"><img loading=\"lazy\" decoding=\"async\" width=\"683\" height=\"1024\" src=\"https:\/\/physiotherapie-hangelsberg.de\/wp-content\/uploads\/2017\/02\/14-WEHE_84_von_174-683x1024.jpg\" alt=\"\" class=\"wp-image-80 size-full\" srcset=\"https:\/\/physiotherapie-hangelsberg.de\/wp-content\/uploads\/2017\/02\/14-WEHE_84_von_174-683x1024.jpg 683w, https:\/\/physiotherapie-hangelsberg.de\/wp-content\/uploads\/2017\/02\/14-WEHE_84_von_174-200x300.jpg 200w, https:\/\/physiotherapie-hangelsberg.de\/wp-content\/uploads\/2017\/02\/14-WEHE_84_von_174-768x1152.jpg 768w, https:\/\/physiotherapie-hangelsberg.de\/wp-content\/uploads\/2017\/02\/14-WEHE_84_von_174.jpg 1067w\" sizes=\"auto, (max-width: 683px) 100vw, 683px\" \/><\/figure><div class=\"wp-block-media-text__content\">\n<p>Die ganzheitliche Betrachtung des menschlichen K\u00f6rpers mit seinen vielf\u00e4ltigen Vernetzungen \u00fcber Strukturen wie Haut, Faszien, Muskeln Meridiane usw. bildet die therapeutische Grundlage des kinesiologischen Taping. Das Hauptziel besteht darin, k\u00f6rpereigene Heilungsprozesse durch ein spezielles Material bzw. durch seine ad\u00e4quate Anlagetechnik zu unterst\u00fctzen. Anwendung findet das Tapen bei allen Schmerzproblematiken, in der Prophylaxe, bei postoperativen und posttraumatischen Zust\u00e4nden und ebenfalls bei der Behandlung von Bewegungseinschr\u00e4nkungen und Muskelverspannungen, bis hin zur Therapie von Wirbels\u00e4ulen- und Bandscheibenproblemen oder Kopfschmerzen und Migr\u00e4ne.<\/p>\n<\/div><\/div>\n\n\n\n<hr class=\"wp-block-separator has-alpha-channel-opacity\"\/>\n\n\n\n<p><span style=\"color: #ffcc00;\">Reiki <\/span>(nach Dr. Mikao Usui)<\/p>\n\n\n\n<hr class=\"wp-block-separator has-alpha-channel-opacity\"\/>\n\n\n\n<p class=\"has-text-align-left\"><span style=\"color: #ffcc00;\">Bioenergetische Meditation&nbsp; &nbsp;<\/span><\/p>\n\n\n\n<div class=\"wp-block-media-text has-media-on-the-right is-stacked-on-mobile\" style=\"grid-template-columns:auto 49%\"><div class=\"wp-block-media-text__content\">\n<p>Bioenergetische Meditation nach Viktor Philippi<\/p>\n\n\n\n<p>Ab sofort Termine nach Vereinbarung <\/p>\n<\/div><figure class=\"wp-block-media-text__media\"><img loading=\"lazy\" decoding=\"async\" width=\"768\" height=\"1024\" src=\"https:\/\/physiotherapie-hangelsberg.de\/wp-content\/uploads\/2025\/08\/20230328_112535-xxx-768x1024.jpg\" alt=\"\" class=\"wp-image-327 size-full\" srcset=\"https:\/\/physiotherapie-hangelsberg.de\/wp-content\/uploads\/2025\/08\/20230328_112535-xxx-768x1024.jpg 768w, https:\/\/physiotherapie-hangelsberg.de\/wp-content\/uploads\/2025\/08\/20230328_112535-xxx-225x300.jpg 225w, https:\/\/physiotherapie-hangelsberg.de\/wp-content\/uploads\/2025\/08\/20230328_112535-xxx-1152x1536.jpg 1152w, https:\/\/physiotherapie-hangelsberg.de\/wp-content\/uploads\/2025\/08\/20230328_112535-xxx-1536x2048.jpg 1536w, https:\/\/physiotherapie-hangelsberg.de\/wp-content\/uploads\/2025\/08\/20230328_112535-xxx-scaled.jpg 1920w\" sizes=\"auto, (max-width: 767px) 89vw, (max-width: 1000px) 54vw, (max-width: 1071px) 543px, 580px\" \/><\/figure><\/div>\n\n\n\n<hr class=\"wp-block-separator has-alpha-channel-opacity\"\/>\n\n\n\n<div class=\"wp-block-media-text is-stacked-on-mobile\" style=\"grid-template-columns:47% auto\"><figure class=\"wp-block-media-text__media\"><img loading=\"lazy\" decoding=\"async\" width=\"768\" height=\"1024\" src=\"https:\/\/physiotherapie-hangelsberg.de\/wp-content\/uploads\/2025\/08\/3.-20230328_074929-xxxx-768x1024.jpg\" alt=\"\" class=\"wp-image-328 size-full\" srcset=\"https:\/\/physiotherapie-hangelsberg.de\/wp-content\/uploads\/2025\/08\/3.-20230328_074929-xxxx-768x1024.jpg 768w, https:\/\/physiotherapie-hangelsberg.de\/wp-content\/uploads\/2025\/08\/3.-20230328_074929-xxxx-225x300.jpg 225w, https:\/\/physiotherapie-hangelsberg.de\/wp-content\/uploads\/2025\/08\/3.-20230328_074929-xxxx-1152x1536.jpg 1152w, https:\/\/physiotherapie-hangelsberg.de\/wp-content\/uploads\/2025\/08\/3.-20230328_074929-xxxx-1536x2048.jpg 1536w, https:\/\/physiotherapie-hangelsberg.de\/wp-content\/uploads\/2025\/08\/3.-20230328_074929-xxxx-scaled.jpg 1920w\" sizes=\"auto, (max-width: 767px) 89vw, (max-width: 1000px) 54vw, (max-width: 1071px) 543px, 580px\" \/><\/figure><div class=\"wp-block-media-text__content\">\n<p><span style=\"color: #ffcc00;\">Hatha-Yoga <\/span>ist eine Form des Yoga, bei der das Gleichgewicht zwischen K\u00f6rper, Geist und Seele durch k\u00f6rperliche \u00dcbungen (Asanas), Atem\u00fcbungen (Pranayama)und Meditation (verschiedene Arten) angestrebt wird.<br>Der Begriff ist abgeleitet aus dem Sanskrit :neben \u201eHA &#8220; (Sonne, Kraft), steht\u201eTha&#8220; (Mond, Stille).<br>Die gegens\u00e4tzlichen Kr\u00e4fte werden in diesem Yoga Stil vereint. In der heutigen herausfordernden Zeit hat Hatha-Yoga einen hohen Stellenwert erreicht, um wieder in die eigene Mitte finden zu k\u00f6nnen.<\/p>\n<\/div><\/div>\n\n\n\n<hr class=\"wp-block-separator has-alpha-channel-opacity\"\/>\n\n\n\n<p><span style=\"color: #ffcc00;\">Yoga und Krebs<\/span> &#8211; Der Weg durch die Krise &#8211; Yoga kann Menschen w\u00e4hrend und nach einer Krebserkrankung sowohl k\u00f6rperlich, als auch emotional und seelisch immens unterst\u00fctzen.<\/p>\n\n\n\n<ul class=\"wp-block-list\">\n<li>Halt und Zuversicht\/ Innere Kraft<\/li>\n\n\n\n<li>Yoga nach der akutenTherapiephase<\/li>\n\n\n\n<li>Selbstf\u00fcrsorge und Neuausrichtung<\/li>\n\n\n\n<li>Unterst\u00fctzung auf der k\u00f6rperlichen Ebene<\/li>\n<\/ul>\n\n\n\n<hr class=\"wp-block-separator has-alpha-channel-opacity\"\/>\n\n\n\n<div class=\"wp-block-media-text has-media-on-the-right is-stacked-on-mobile\"><div class=\"wp-block-media-text__content\">\n<p><span style=\"color: #ffcc00;\">Meditationskurs<\/span> &#8211; beinhaltet Erlernen vielf\u00e4ltiger Entspannungs- und Atemtechniken, K\u00f6rper- und Phantasiereisen und das Erlernen positiver Affirmationen<\/p>\n<\/div><figure class=\"wp-block-media-text__media\"><img loading=\"lazy\" decoding=\"async\" width=\"1024\" height=\"768\" src=\"https:\/\/physiotherapie-hangelsberg.de\/wp-content\/uploads\/2025\/08\/20230328_075002-xxxx-1024x768.jpg\" alt=\"\" class=\"wp-image-329 size-full\" srcset=\"https:\/\/physiotherapie-hangelsberg.de\/wp-content\/uploads\/2025\/08\/20230328_075002-xxxx-1024x768.jpg 1024w, https:\/\/physiotherapie-hangelsberg.de\/wp-content\/uploads\/2025\/08\/20230328_075002-xxxx-300x225.jpg 300w, https:\/\/physiotherapie-hangelsberg.de\/wp-content\/uploads\/2025\/08\/20230328_075002-xxxx-768x576.jpg 768w, https:\/\/physiotherapie-hangelsberg.de\/wp-content\/uploads\/2025\/08\/20230328_075002-xxxx-1536x1152.jpg 1536w, https:\/\/physiotherapie-hangelsberg.de\/wp-content\/uploads\/2025\/08\/20230328_075002-xxxx-2048x1536.jpg 2048w\" sizes=\"auto, (max-width: 767px) 89vw, (max-width: 1000px) 54vw, (max-width: 1071px) 543px, 580px\" \/><\/figure><\/div>\n\n\n\n<hr class=\"wp-block-separator has-alpha-channel-opacity\"\/>\n\n\n\n<p><span style=\"color: #ffcc00;\">Workshops:<\/span> Hormon Yoga, Chakra Yoga, Ern\u00e4hrung<\/p>\n\n\n\n<h2 class=\"wp-block-heading has-text-align-center\"><span style=\"color: #ffcc00;\">Neu:<\/span>&nbsp;<\/h2>\n\n\n\n<h2 class=\"wp-block-heading\">Vagus-Nerv-Therapie, Ayurvedische Bauchmassage, Breuss-Massage <\/h2>\n\n\n\n<h6 class=\"wp-block-heading\"><\/h6>\n\n\n\n<p><a href=\"https:\/\/physiotherapie-hangelsberg.de\/\">zur\u00fcck zur Hauptseite<\/a><\/p>\n\n\n\n<hr class=\"wp-block-separator aligncenter has-alpha-channel-opacity\"\/>\n\n\n\n<p><\/p>\n","protected":false},"excerpt":{"rendered":"<p>Diese alternative Leistungen k\u00f6nnen Sie zus\u00e4tzlich erhalten: Klangschalentherapie \u201eDer Ton der Klangschale ber\u00fchrt unser Innerstes, er bringt die Seele zum Schwingen. Der Klang l\u00f6st Spannungen, mobilisiert die Selbstheilungskr\u00e4fte und &nbsp;setzt sch\u00f6pferische Energie frei.\u201c (Peter Hess) Die Klangschalenmassage ist eine ganzheitliche Methode die K\u00f6rper, Seele und Geist anspricht. Die Klangschalen werden dabei, ihrer Funktion entsprechend, auf &hellip; <\/p>\n<p class=\"link-more\"><a href=\"https:\/\/physiotherapie-hangelsberg.de\/?page_id=120\" class=\"more-link\"><span class=\"screen-reader-text\">\u201eAlternative Leistungen\u201c<\/span> weiterlesen<\/a><\/p>\n","protected":false},"author":2,"featured_media":93,"parent":53,"menu_order":0,"comment_status":"closed","ping_status":"closed","template":"","meta":{"footnotes":""},"class_list":["post-120","page","type-page","status-publish","has-post-thumbnail","hentry"],"_links":{"self":[{"href":"https:\/\/physiotherapie-hangelsberg.de\/index.php?rest_route=\/wp\/v2\/pages\/120","targetHints":{"allow":["GET"]}}],"collection":[{"href":"https:\/\/physiotherapie-hangelsberg.de\/index.php?rest_route=\/wp\/v2\/pages"}],"about":[{"href":"https:\/\/physiotherapie-hangelsberg.de\/index.php?rest_route=\/wp\/v2\/types\/page"}],"author":[{"embeddable":true,"href":"https:\/\/physiotherapie-hangelsberg.de\/index.php?rest_route=\/wp\/v2\/users\/2"}],"replies":[{"embeddable":true,"href":"https:\/\/physiotherapie-hangelsberg.de\/index.php?rest_route=%2Fwp%2Fv2%2Fcomments&post=120"}],"version-history":[{"count":50,"href":"https:\/\/physiotherapie-hangelsberg.de\/index.php?rest_route=\/wp\/v2\/pages\/120\/revisions"}],"predecessor-version":[{"id":356,"href":"https:\/\/physiotherapie-hangelsberg.de\/index.php?rest_route=\/wp\/v2\/pages\/120\/revisions\/356"}],"up":[{"embeddable":true,"href":"https:\/\/physiotherapie-hangelsberg.de\/index.php?rest_route=\/wp\/v2\/pages\/53"}],"wp:featuredmedia":[{"embeddable":true,"href":"https:\/\/physiotherapie-hangelsberg.de\/index.php?rest_route=\/wp\/v2\/media\/93"}],"wp:attachment":[{"href":"https:\/\/physiotherapie-hangelsberg.de\/index.php?rest_route=%2Fwp%2Fv2%2Fmedia&parent=120"}],"curies":[{"name":"wp","href":"https:\/\/api.w.org\/{rel}","templated":true}]}}