{"id":118,"date":"2017-02-04T13:36:39","date_gmt":"2017-02-04T13:36:39","guid":{"rendered":"http:\/\/physiotherapie-hangelsberg.de\/?page_id=118"},"modified":"2024-01-11T08:30:08","modified_gmt":"2024-01-11T08:30:08","slug":"kassenleistungen","status":"publish","type":"page","link":"https:\/\/physiotherapie-hangelsberg.de\/?page_id=118","title":{"rendered":"Kassenleistungen"},"content":{"rendered":"<p>diese Leistungen k\u00f6nnen Sie \u00fcber ihre Krankenkasse beziehen:<\/p>\n<p><span style=\"color: #000000; font-family: Times New Roman;\"><span style=\"color: #ff9900;\">Manuelle Therapie<\/span> &#8211; In der Manuellen Therapie werden Funktionsst\u00f6rungen des Bewegungssystems untersucht und behandelt, z.B. bei Kopfschmerzen, Hexenschuss, Tennisellenbogen oder Bewegungseinschr\u00e4nkungen nach einer Verletzung. Die Manuelle Therapie hilft, Schmerzen zu beseitigen und Bewegungsst\u00f6rungen zu lindern. <\/span><span style=\"color: #000000; font-family: Times New Roman;\">Bei der manuellen Therapie\u00a0werden sowohl passive Techniken als auch aktive \u00dcbungen eingesetzt. <\/span><span style=\"color: #000000; font-family: Times New Roman;\">Ziel der Manuellen Therapie ist es, das Zusammenspiel zwischen Gelenken, Nerven und Muskeln wieder ins Gleichgewicht zu bringen.<\/span><\/p>\n<p><span style=\"color: #000000; font-family: Times New Roman;\"><span style=\"color: #ff9900;\">Massagetherapie<\/span> &#8211; Die Massage im weitesten Sinn ist eines der \u00e4ltesten Heilmittel der Menschheit. <\/span><span style=\"color: #000000; font-family: Times New Roman;\">Die ersten Erw\u00e4hnungen finden sich beim Chinesen Huag Di, der bereits 2600 v. Chr. Massagetechniken und \u00dcbungen beschreibt. \u00dcber den griechischen Arzt Hippokrates(ca. 460-370 v. Chr.) und seiner medizinischen Schule gelangt die Massage letztendlich nach Europa. <\/span><span style=\"color: #000000; font-family: Times New Roman;\">Allt\u00e4gliche Anspannung und hoher Druck setzen sich f\u00f6rmlich in der Wirbels\u00e4ule und in den Gelenken fest. Das\u00a0Resultat sind\u00a0Spannungsschmerzen die das\u00a0Befinden ganz erheblich beeinflussen k\u00f6nnen. Chronische Verspannungen k\u00f6nnen eine Reihe von schmerzhaften Beschwerden nach sich ziehen.<\/span><\/p>\n<p><span style=\"color: #000000; font-family: Times New Roman;\"><span style=\"color: #ff9900;\"><span style=\"color: #ff9900;\"><span style=\"color: #ff9900;\">Lymphdrainage <\/span><\/span><\/span>&#8211; Das Lymphsystem hat die Aufgabe, Fl\u00fcssigkeiten abzutransportieren und zu filtern, die sich im Gewebe bei verschiedenen Stoffwechselvorg\u00e4ngen ansammeln. St\u00f6rungen dieser Funktion f\u00fchren meist zu einer Ansammlung der Gewebsfl\u00fcssigkeit, die nach au\u00dfen durch Schwellung sichtbar wird. Der Therapeut wendet spezielle Handgriffe an, um den Abtransport der Gewebsfl\u00fcssigkeit zu f\u00f6rdern. Auf dieser Art kommt es zur Abschwellung des Gewebes, Schmerzen werden reduziert und das Gewebe wird lockerer und weicher, so dass sich auch die Bewegung verbessert.<\/span><\/p>\n<p><span style=\"color: #ff9900;\"><span style=\"color: #ff9900;\"><span style=\"color: #ff9900;\">Moorpackungen<\/span><span style=\"color: #ff9900;\"> &#8211; <\/span><\/span><\/span>Moor speichert W\u00e4rme, die langsam, tief und gleichm\u00e4\u00dfig in den K\u00f6rper eindringt. Ferner enth\u00e4lt Moor im Boden befindliche organische Substanzen, sogenannte Huminstoffe wie Natrium- und Aluminiumhumat. Diese enthalten Kohlenstoff, Wasserstoff, Sauerstoff, Stickstoff und in geringem Ma\u00dfe Schwefel und Phosphor. Die entz\u00fcndungshemmende Wirkung von Moor wird auf Natriumhumat und Ammoniumhumat zur\u00fcckgef\u00fchrt. Au\u00dferdem wird den Inhaltsstoffen eine Wirkung gegen Viren zugeschrieben.<\/p>\n<p><span style=\"color: #ff9900;\">Krankengymnastik &#8211; <span style=\"color: #000000;\">Befundgerechte \u00dcbungen zur Mobilisierung oder Stabilisierung von Wirbels\u00e4ule und Gelenken, sowie Kr\u00e4ftigung und Dehnung der angrenzenden Muskulatur. Erstellen von Selbst\u00fcbungsprogrammen. <\/span><\/span><\/p>\n<p><span style=\"color: #ff9500;\"><span style=\"color: #ff9500;\">Elektrotherapie &#8211; <\/span><\/span>Die Anwendung von elektrischem Strom in der Medizin wird als Elektrotherapie bezeichnet. Sie ist f\u00fcr die meisten Krankheitsbilder eine sinnvolle Erg\u00e4nzung der Physiotherapie. Elektrotherapie dient zur Behandlung von Schmerzen, Missempfindungen sowie zur Kr\u00e4ftigung der Muskulatur.<\/p>\n<p><span style=\"color: #ff9500;\">Ultraschall &#8211; <\/span>Ultraschallbehandlung dient zur besseren Durchblutung, Schmerzlinderung und zur Steigerung des Stoffwechsels. Die Ultraschalltherapie ist ein medizinisches Verfahren zur Beschleunigung und Unterst\u00fctzung von Selbstheilungsprozessen, vor allem bei Frakturen, Sehnenentz\u00fcndungen und Arthritis.<\/p>\n<p><!--more--><\/p>\n","protected":false},"excerpt":{"rendered":"<p>diese Leistungen k\u00f6nnen Sie \u00fcber ihre Krankenkasse beziehen: Manuelle Therapie &#8211; In der Manuellen Therapie werden Funktionsst\u00f6rungen des Bewegungssystems untersucht und behandelt, z.B. bei Kopfschmerzen, Hexenschuss, Tennisellenbogen oder Bewegungseinschr\u00e4nkungen nach einer Verletzung. Die Manuelle Therapie hilft, Schmerzen zu beseitigen und Bewegungsst\u00f6rungen zu lindern. Bei der manuellen Therapie\u00a0werden sowohl passive Techniken als auch aktive \u00dcbungen eingesetzt. &hellip; <\/p>\n<p class=\"link-more\"><a href=\"https:\/\/physiotherapie-hangelsberg.de\/?page_id=118\" class=\"more-link\"><span class=\"screen-reader-text\">\u201eKassenleistungen\u201c<\/span> weiterlesen<\/a><\/p>\n","protected":false},"author":2,"featured_media":219,"parent":53,"menu_order":0,"comment_status":"closed","ping_status":"closed","template":"","meta":{"footnotes":""},"class_list":["post-118","page","type-page","status-publish","has-post-thumbnail","hentry"],"_links":{"self":[{"href":"https:\/\/physiotherapie-hangelsberg.de\/index.php?rest_route=\/wp\/v2\/pages\/118","targetHints":{"allow":["GET"]}}],"collection":[{"href":"https:\/\/physiotherapie-hangelsberg.de\/index.php?rest_route=\/wp\/v2\/pages"}],"about":[{"href":"https:\/\/physiotherapie-hangelsberg.de\/index.php?rest_route=\/wp\/v2\/types\/page"}],"author":[{"embeddable":true,"href":"https:\/\/physiotherapie-hangelsberg.de\/index.php?rest_route=\/wp\/v2\/users\/2"}],"replies":[{"embeddable":true,"href":"https:\/\/physiotherapie-hangelsberg.de\/index.php?rest_route=%2Fwp%2Fv2%2Fcomments&post=118"}],"version-history":[{"count":18,"href":"https:\/\/physiotherapie-hangelsberg.de\/index.php?rest_route=\/wp\/v2\/pages\/118\/revisions"}],"predecessor-version":[{"id":293,"href":"https:\/\/physiotherapie-hangelsberg.de\/index.php?rest_route=\/wp\/v2\/pages\/118\/revisions\/293"}],"up":[{"embeddable":true,"href":"https:\/\/physiotherapie-hangelsberg.de\/index.php?rest_route=\/wp\/v2\/pages\/53"}],"wp:featuredmedia":[{"embeddable":true,"href":"https:\/\/physiotherapie-hangelsberg.de\/index.php?rest_route=\/wp\/v2\/media\/219"}],"wp:attachment":[{"href":"https:\/\/physiotherapie-hangelsberg.de\/index.php?rest_route=%2Fwp%2Fv2%2Fmedia&parent=118"}],"curies":[{"name":"wp","href":"https:\/\/api.w.org\/{rel}","templated":true}]}}